{"id":51,"date":"2015-07-22T11:14:57","date_gmt":"2015-07-22T09:14:57","guid":{"rendered":"http:\/\/www.intergerance.ch\/?page_id=51"},"modified":"2020-11-24T06:29:24","modified_gmt":"2020-11-24T05:29:24","slug":"contact","status":"publish","type":"page","link":"https:\/\/www.intergerance.ch\/fr\/contact\/","title":{"rendered":"Contactez-nous"},"content":{"rendered":"<p>Prenez contact avec nous d\u00e8s aujourd&rsquo;hui pour trouver les meilleures conditions du march\u00e9.\u00a0Active depuis 30 ans dans le domaine de l\u2019immobilier, Inter-G\u00e9rance SA vous accompagne dans toutes vos activit\u00e9s immobili\u00e8res. Que ce soit pour la vente ou l\u2019achat d\u2019un bien immobilier, la location, la g\u00e9rance, l\u2019administration de PPE ou l\u2019estimation immobili\u00e8re, notre \u00e9quipe met tout en \u0153uvre pour vous satisfaire.<\/p>\n","protected":false},"excerpt":{"rendered":"<p>Prenez contact avec nous d\u00e8s aujourd&rsquo;hui pour trouver les meilleures conditions du march\u00e9.\u00a0Active depuis 30 ans dans le domaine de l\u2019immobilier, Inter-G\u00e9rance SA vous accompagne dans toutes vos activit\u00e9s immobili\u00e8res. Que ce soit pour la vente ou l\u2019achat d\u2019un bien immobilier, la location, la g\u00e9rance, l\u2019administration de PPE ou l\u2019estimation immobili\u00e8re, notre \u00e9quipe met tout [&hellip;]<\/p>\n","protected":false},"author":1,"featured_media":0,"parent":0,"menu_order":0,"comment_status":"closed","ping_status":"open","template":"template-contact-1.php","meta":[],"_links":{"self":[{"href":"https:\/\/www.intergerance.ch\/fr\/wp-json\/wp\/v2\/pages\/51"}],"collection":[{"href":"https:\/\/www.intergerance.ch\/fr\/wp-json\/wp\/v2\/pages"}],"about":[{"href":"https:\/\/www.intergerance.ch\/fr\/wp-json\/wp\/v2\/types\/page"}],"author":[{"embeddable":true,"href":"https:\/\/www.intergerance.ch\/fr\/wp-json\/wp\/v2\/users\/1"}],"replies":[{"embeddable":true,"href":"https:\/\/www.intergerance.ch\/fr\/wp-json\/wp\/v2\/comments?post=51"}],"version-history":[{"count":14,"href":"https:\/\/www.intergerance.ch\/fr\/wp-json\/wp\/v2\/pages\/51\/revisions"}],"predecessor-version":[{"id":2040,"href":"https:\/\/www.intergerance.ch\/fr\/wp-json\/wp\/v2\/pages\/51\/revisions\/2040"}],"wp:attachment":[{"href":"https:\/\/www.intergerance.ch\/fr\/wp-json\/wp\/v2\/media?parent=51"}],"curies":[{"name":"wp","href":"https:\/\/api.w.org\/{rel}","templated":true}]}}