{"id":161,"date":"2015-08-20T18:06:03","date_gmt":"2015-08-20T16:06:03","guid":{"rendered":"http:\/\/www.intergerance.ch\/?page_id=161"},"modified":"2020-11-30T04:03:53","modified_gmt":"2020-11-30T03:03:53","slug":"ppe","status":"publish","type":"page","link":"http:\/\/www.intergerance.ch\/fr\/ppe\/","title":{"rendered":"Administration"},"content":{"rendered":"<p style=\"text-align: center;\">Le r\u00f4le de l\u2019administrateur de PPE est notamment de repr\u00e9senter les copropri\u00e9taires aupr\u00e8s de tiers, de d\u00e9fendre leurs int\u00e9r\u00eats et celui de l\u2019immeuble, de g\u00e9rer les probl\u00e8mes qui peuvent se pr\u00e9senter, de faire ex\u00e9cuter les travaux d\u00e9cid\u00e9s par l\u2019assembl\u00e9e et de tenir la comptabilit\u00e9 de la copropri\u00e9t\u00e9.<\/p>\n","protected":false},"excerpt":{"rendered":"<p>Le r\u00f4le de l\u2019administrateur de PPE est notamment de repr\u00e9senter les copropri\u00e9taires aupr\u00e8s de tiers, de d\u00e9fendre leurs int\u00e9r\u00eats et celui de l\u2019immeuble, de g\u00e9rer les probl\u00e8mes qui peuvent se pr\u00e9senter, de faire ex\u00e9cuter les travaux d\u00e9cid\u00e9s par l\u2019assembl\u00e9e et de tenir la comptabilit\u00e9 de la copropri\u00e9t\u00e9.<\/p>\n","protected":false},"author":1,"featured_media":499,"parent":0,"menu_order":0,"comment_status":"closed","ping_status":"open","template":"template-about-1.php","meta":[],"_links":{"self":[{"href":"http:\/\/www.intergerance.ch\/fr\/wp-json\/wp\/v2\/pages\/161"}],"collection":[{"href":"http:\/\/www.intergerance.ch\/fr\/wp-json\/wp\/v2\/pages"}],"about":[{"href":"http:\/\/www.intergerance.ch\/fr\/wp-json\/wp\/v2\/types\/page"}],"author":[{"embeddable":true,"href":"http:\/\/www.intergerance.ch\/fr\/wp-json\/wp\/v2\/users\/1"}],"replies":[{"embeddable":true,"href":"http:\/\/www.intergerance.ch\/fr\/wp-json\/wp\/v2\/comments?post=161"}],"version-history":[{"count":5,"href":"http:\/\/www.intergerance.ch\/fr\/wp-json\/wp\/v2\/pages\/161\/revisions"}],"predecessor-version":[{"id":500,"href":"http:\/\/www.intergerance.ch\/fr\/wp-json\/wp\/v2\/pages\/161\/revisions\/500"}],"wp:featuredmedia":[{"embeddable":true,"href":"http:\/\/www.intergerance.ch\/fr\/wp-json\/wp\/v2\/media\/499"}],"wp:attachment":[{"href":"http:\/\/www.intergerance.ch\/fr\/wp-json\/wp\/v2\/media?parent=161"}],"curies":[{"name":"wp","href":"https:\/\/api.w.org\/{rel}","templated":true}]}}